{"id":15,"date":"2025-04-08T15:27:07","date_gmt":"2025-04-08T13:27:07","guid":{"rendered":"https:\/\/soulaf-accessoires.cnita.fr\/?page_id=15"},"modified":"2025-04-14T15:57:26","modified_gmt":"2025-04-14T13:57:26","slug":"activites","status":"publish","type":"page","link":"https:\/\/soulaf-accessoires.cnita.fr\/","title":{"rendered":"Activit\u00e9s"},"content":{"rendered":"\n<div class=\"wp-block-cover alignfull is-light\" style=\"margin-top:0;margin-bottom:0;padding-top:100px;padding-bottom:100px;min-height:731px;aspect-ratio:unset;\"><span aria-hidden=\"true\" class=\"wp-block-cover__background has-background-dim-30 has-background-dim\"><\/span><img decoding=\"async\" class=\"wp-block-cover__image-background wp-image-1598\" alt=\"\" src=\"https:\/\/tyler.com\/wp-content\/uploads\/2023\/11\/Fresh-Home-Hero-Cover-Image.jpeg\" style=\"object-position:50% 50%\" data-object-fit=\"cover\" data-object-position=\"50% 50%\"\/><div class=\"wp-block-cover__inner-container has-global-padding is-layout-constrained wp-container-core-cover-is-layout-431b4ecb wp-block-cover-is-layout-constrained\">\n<div class=\"wp-block-group has-global-padding is-layout-constrained wp-container-core-group-is-layout-704e782a wp-block-group-is-layout-constrained\">\n<div class=\"wp-block-columns is-layout-flex wp-container-core-columns-is-layout-59e203da wp-block-columns-is-layout-flex\" style=\"padding-right:0;padding-left:0\">\n<div class=\"wp-block-column is-layout-flow wp-container-core-column-is-layout-dc778769 wp-block-column-is-layout-flow\">\n<h1 class=\"wp-block-heading has-text-align-center has-custom-color-2-color has-text-color has-open-sauce-sans-font-family\" style=\"margin-top:52px;margin-right:0;margin-bottom:var(--wp--preset--spacing--30);font-size:clamp(61.532px, 3.846rem + ((1vw - 3.2px) * 7.78), 130px);font-style:normal;font-weight:400;line-height:1.6\">SOULAF-ACCESSOIRES<\/h1>\n<\/div>\n<\/div>\n<\/div>\n<\/div><\/div>\n\n\n\n<p><\/p>\n\n\n\n<p><\/p>\n\n\n\n<div class=\"wp-block-group alignwide has-background has-global-padding is-layout-constrained wp-container-core-group-is-layout-fa1eaeb5 wp-block-group-is-layout-constrained\" style=\"background-color:#ebeadf;margin-top:0;margin-bottom:0;padding-top:120px;padding-bottom:100px\">\n<div class=\"wp-block-media-text has-media-on-the-right is-stacked-on-mobile is-vertically-aligned-center\" style=\"padding-right:100px;grid-template-columns:auto 36%\"><div class=\"wp-block-media-text__content\">\n<ul class=\"wp-block-list\">\n<li class=\"has-open-sauce-sans-font-family\"><strong>HORIZON CONSEIL<\/strong><\/li>\n<\/ul>\n\n\n\n<p class=\"has-open-sauce-sans-font-family\">Accompagne les entreprises dans leur transformation digital et leur d\u00e9veloppement strat\u00e9gique.<\/p>\n\n\n\n<p class=\"has-open-sauce-sans-font-family\">La gestion du changement et la mise en place de solution num\u00e9riques innovantes. <\/p>\n<\/div><figure class=\"wp-block-media-text__media\"><img decoding=\"async\" src=\"https:\/\/tyler.com\/wp-content\/uploads\/2023\/11\/Fresh-Home-2nd-Sec-Image.jpeg\" alt=\"\" class=\"wp-image-1599 size-full\"\/><\/figure><\/div>\n<\/div>\n\n\n\n<p class=\"has-text-align-center\"><\/p>\n\n\n\n<div class=\"wp-block-cover alignfull is-light\" style=\"margin-top:0;margin-bottom:0;padding-top:100px;padding-bottom:100px;min-height:75vh;aspect-ratio:unset;\"><span aria-hidden=\"true\" class=\"wp-block-cover__background has-custom-color-3-background-color has-background-dim\"><\/span><img decoding=\"async\" class=\"wp-block-cover__image-background wp-image-1601\" alt=\"\" src=\"https:\/\/tyler.com\/wp-content\/uploads\/2023\/11\/Fresh-Home-4th-Cover-Image.jpeg\" style=\"object-position:44% 49%\" data-object-fit=\"cover\" data-object-position=\"44% 49%\"\/><div class=\"wp-block-cover__inner-container has-global-padding is-layout-constrained wp-container-core-cover-is-layout-911a2128 wp-block-cover-is-layout-constrained\">\n<div class=\"wp-block-columns is-layout-flex wp-container-core-columns-is-layout-28f84493 wp-block-columns-is-layout-flex\">\n<div class=\"wp-block-column is-layout-flow wp-block-column-is-layout-flow\"><\/div>\n\n\n\n<div class=\"wp-block-column is-layout-flow wp-block-column-is-layout-flow\">\n<p class=\"has-open-sauce-sans-font-family has-x-large-font-size\"><\/p>\n\n\n\n<p class=\"has-text-align-left has-custom-color-2-color has-text-color has-link-color has-open-sauce-sans-font-family has-x-large-font-size wp-elements-b6131a5ec0ed5504a391525a714c196e\">Communication<\/p>\n<\/div>\n<\/div>\n<\/div><\/div>\n\n\n\n<figure class=\"wp-block-image size-full\"><img loading=\"lazy\" decoding=\"async\" width=\"640\" height=\"427\" src=\"https:\/\/soulaf-accessoires.cnita.fr\/wp-content\/uploads\/2025\/04\/image-10.png\" alt=\"\" class=\"wp-image-27\" srcset=\"https:\/\/soulaf-accessoires.cnita.fr\/wp-content\/uploads\/2025\/04\/image-10.png 640w, https:\/\/soulaf-accessoires.cnita.fr\/wp-content\/uploads\/2025\/04\/image-10-300x200.png 300w\" sizes=\"auto, (max-width: 640px) 100vw, 640px\" \/><\/figure>\n\n\n\n<p class=\"has-text-align-center has-open-sauce-sans-font-family\"><strong>Testimonial et  Exp\u00e9riences<\/strong><\/p>\n\n\n\n<p class=\"has-text-align-center has-open-sauce-sans-font-family\">Expertise<\/p>\n\n\n\n<p class=\"has-text-align-center has-open-sauce-sans-font-family\">Engagement<\/p>\n\n\n\n<p class=\"has-text-align-center has-open-sauce-sans-font-family\">Ethique<\/p>\n\n\n\n<p class=\"has-text-align-center has-open-sauce-sans-font-family\">Strat\u00e9gie durable<\/p>\n\n\n\n<figure class=\"wp-block-image alignleft size-full is-resized\"><img loading=\"lazy\" decoding=\"async\" width=\"640\" height=\"427\" src=\"https:\/\/soulaf-accessoires.cnita.fr\/wp-content\/uploads\/2025\/04\/image-4.png\" alt=\"\" class=\"wp-image-21\" style=\"width:490px;height:auto\" srcset=\"https:\/\/soulaf-accessoires.cnita.fr\/wp-content\/uploads\/2025\/04\/image-4.png 640w, https:\/\/soulaf-accessoires.cnita.fr\/wp-content\/uploads\/2025\/04\/image-4-300x200.png 300w\" sizes=\"auto, (max-width: 640px) 100vw, 640px\" \/><\/figure>\n\n\n\n<figure class=\"wp-block-image alignright size-full is-resized\"><img loading=\"lazy\" decoding=\"async\" width=\"640\" height=\"427\" src=\"https:\/\/soulaf-accessoires.cnita.fr\/wp-content\/uploads\/2025\/04\/image-6.png\" alt=\"\" class=\"wp-image-23\" style=\"width:464px;height:auto\" srcset=\"https:\/\/soulaf-accessoires.cnita.fr\/wp-content\/uploads\/2025\/04\/image-6.png 640w, https:\/\/soulaf-accessoires.cnita.fr\/wp-content\/uploads\/2025\/04\/image-6-300x200.png 300w\" sizes=\"auto, (max-width: 640px) 100vw, 640px\" \/><\/figure>\n\n\n\n<div class=\"wp-block-cover alignfull is-light\" style=\"padding-top:0;padding-bottom:0;min-height:600px;aspect-ratio:unset;\"><span aria-hidden=\"true\" class=\"wp-block-cover__background has-base-background-color has-background-dim-0 has-background-dim\"><\/span><img decoding=\"async\" class=\"wp-block-cover__image-background wp-image-1706\" alt=\"\" src=\"https:\/\/tyler.com\/wp-content\/uploads\/2023\/11\/Coral-Home-Hero-sec-Image.jpeg\" style=\"object-position:50% 51%\" data-object-fit=\"cover\" data-object-position=\"50% 51%\"\/><div class=\"wp-block-cover__inner-container is-layout-flow wp-block-cover-is-layout-flow\">\n<p class=\"has-text-align-center has-custom-color-3-color has-text-color has-link-color has-open-sauce-sans-font-family has-large-font-size wp-elements-e4c1cc573dd9743b5026544d73e49394\">Prepare to Command Your Financial Destiny.<\/p>\n<\/div><\/div>\n\n\n\n<section class=\"wp-block-group alignfull has-text-color has-global-padding is-layout-constrained wp-container-core-group-is-layout-38ad39fd wp-block-group-is-layout-constrained\" style=\"color:#3e3e3e;margin-top:0px;padding-top:5.01rem;padding-right:1rem;padding-bottom:5.5rem;padding-left:1rem;font-size:clamp(0.875rem, 0.875rem + ((1vw - 0.2rem) * 0.464), 1.13rem);font-style:normal;font-weight:400;line-height:1.4\">\n<div class=\"wp-block-columns is-layout-flex wp-container-core-columns-is-layout-d1176ca3 wp-block-columns-is-layout-flex\" style=\"margin-bottom:0px\">\n<div class=\"wp-block-column is-layout-flow wp-block-column-is-layout-flow\" style=\"padding-top:2%;padding-right:8%;flex-basis:45%\">\n<h2 class=\"wp-block-heading has-text-align-left has-text-color has-open-sauce-sans-font-family\" style=\"color:#002d19;margin-top:0.5rem;margin-bottom:1.01rem;font-size:clamp(1.198rem, 1.198rem + ((1vw - 0.2rem) * 1.276), 1.9rem);font-style:normal;font-weight:700;letter-spacing:0px;line-height:1.3\">En exploitant une expertise diversifi\u00e9e pour vous guider sur cheminement financier, nous nous engageons \u00e0 assurer votre r\u00e9ussite.<\/h2>\n\n\n\n<div class=\"wp-block-group has-global-padding is-content-justification-left is-layout-constrained wp-container-core-group-is-layout-7e1b0d2d wp-block-group-is-layout-constrained\">\n<p class=\"has-text-align-left has-text-color has-open-sauce-sans-font-family\" style=\"color:#3d3d3d;margin-top:0px;margin-bottom:1.77rem;font-size:clamp(0.875rem, 0.875rem + ((1vw - 0.2rem) * 0.045), 0.9rem);font-style:normal;font-weight:400;line-height:1.6\">se lancer dans un parcours financier n\u00e9cessite une navigation experte.Notre \u00e9quipe se consacre \u00e0 comprendre vos objectifs et \u00e0 \u00e9laborer des strat\u00e9gies sur mesure. Grace \u00e0 une fusion d&rsquo;exp\u00e9rience et d&rsquo;innovation nous ouvrions la voie \u00e0 un avenir financier prosp\u00e8re,en veillant \u00e0 ce que chaque \u00e9tape soit franchie en toute confiance. <\/p>\n<\/div>\n<\/div>\n\n\n\n<div class=\"wp-block-column is-layout-flow wp-block-column-is-layout-flow\" style=\"flex-basis:55%\">\n<figure class=\"wp-block-image aligncenter size-full is-resized\"><img decoding=\"async\" src=\"https:\/\/tyler.com\/wp-content\/uploads\/2023\/11\/Nest-Home-2nd-Sec-Image.jpeg\" alt=\"\" class=\"wp-image-3005\" style=\"width:580px\"\/><\/figure>\n<\/div>\n<\/div>\n<\/section>\n\n\n\n<div class=\"wp-block-cover alignfull is-light has-custom-color-2-color has-text-color has-link-color wp-elements-f1ef6239c982662830ad6ac97ed79661\" style=\"margin-top:0px;margin-bottom:0px;min-height:380px;aspect-ratio:unset;\"><span aria-hidden=\"true\" class=\"wp-block-cover__background has-background-dim-0 has-background-dim\"><\/span><img decoding=\"async\" class=\"wp-block-cover__image-background wp-image-3010\" alt=\"\" src=\"https:\/\/tyler.com\/wp-content\/uploads\/2023\/11\/Nest-Home-3rd-Cover-Image.jpeg\" data-object-fit=\"cover\"\/><div class=\"wp-block-cover__inner-container has-global-padding is-layout-constrained wp-container-core-cover-is-layout-162f2a30 wp-block-cover-is-layout-constrained\">\n<div class=\"wp-block-group is-vertical is-content-justification-center is-layout-flex wp-container-core-group-is-layout-fa38c63a wp-block-group-is-layout-flex\">\n<div class=\"wp-block-group has-global-padding is-layout-constrained wp-container-core-group-is-layout-2a85a078 wp-block-group-is-layout-constrained\" style=\"padding-top:3.51rem\">\n<h2 class=\"wp-block-heading has-text-align-center has-custom-color-2-color has-text-color has-open-sauce-sans-font-family\" style=\"margin-top:0.5rem;margin-bottom:4.51rem;font-size:clamp(1.748rem, 1.748rem + ((1vw - 0.2rem) * 2.295), 3.01rem);font-style:normal;font-weight:700;line-height:1.3\">Collaborer pour la brillance Financi\u00e8re <\/h2>\n<\/div>\n<\/div>\n<\/div><\/div>\n\n\n\n<section class=\"wp-block-group alignfull has-text-color has-global-padding is-layout-constrained wp-container-core-group-is-layout-38ad39fd wp-block-group-is-layout-constrained\" style=\"color:#3e3e3e;margin-top:0px;padding-top:5.01rem;padding-right:1rem;padding-bottom:5.5rem;padding-left:1rem;font-size:clamp(0.875rem, 0.875rem + ((1vw - 0.2rem) * 0.464), 1.13rem);font-style:normal;font-weight:400;line-height:1.4\">\n<div class=\"wp-block-columns is-layout-flex wp-container-core-columns-is-layout-9cc873bb wp-block-columns-is-layout-flex\" style=\"margin-bottom:0px\">\n<div class=\"wp-block-column has-global-padding is-layout-constrained wp-container-core-column-is-layout-3b472d56 wp-block-column-is-layout-constrained\" style=\"padding-top:0px;padding-bottom:0px;padding-left:0rem\">\n<div class=\"wp-block-group has-text-color has-background is-vertical is-layout-flex wp-container-core-group-is-layout-627558f3 wp-block-group-is-layout-flex\" style=\"color:#fffffd;background-color:#00341e;padding-right:0px;padding-left:0px\">\n<figure class=\"wp-block-image size-full\"><img decoding=\"async\" src=\"https:\/\/tyler.com\/wp-content\/uploads\/2023\/11\/Nest-Home-4th-Sec-Image1.jpeg\" alt=\"\" class=\"wp-image-3011\"\/><\/figure>\n<\/div>\n<\/div>\n\n\n\n<div class=\"wp-block-column has-global-padding is-layout-constrained wp-container-core-column-is-layout-3b472d56 wp-block-column-is-layout-constrained\" style=\"padding-top:0px;padding-bottom:0px;padding-left:0rem\">\n<div class=\"wp-block-group has-text-color has-background is-vertical is-layout-flex wp-container-core-group-is-layout-627558f3 wp-block-group-is-layout-flex\" style=\"color:#fffffd;background-color:#00341e;padding-right:0px;padding-left:0px\">\n<figure class=\"wp-block-image size-full\"><img decoding=\"async\" src=\"https:\/\/tyler.com\/wp-content\/uploads\/2023\/11\/Nest-Home-4th-Sec-Image2.jpeg\" alt=\"\" class=\"wp-image-3013\"\/><\/figure>\n<\/div>\n<\/div>\n<\/div>\n<\/section>\n\n\n\n<section class=\"wp-block-group alignfull has-custom-color-4-background-color has-text-color has-background has-global-padding is-layout-constrained wp-container-core-group-is-layout-5e70687f wp-block-group-is-layout-constrained\" style=\"color:#fffffd;margin-top:0rem;padding-right:1rem;padding-left:1rem;font-size:clamp(0.875rem, 0.875rem + ((1vw - 0.2rem) * 0.464), 1.13rem);font-style:normal;font-weight:400;line-height:1.5\">\n<div class=\"wp-block-group has-global-padding is-layout-constrained wp-container-core-group-is-layout-a4e55b9c wp-block-group-is-layout-constrained\" style=\"padding-top:6.01rem;padding-bottom:6.01rem\">\n<div class=\"wp-block-group has-global-padding is-layout-constrained wp-container-core-group-is-layout-7ff4c9a9 wp-block-group-is-layout-constrained\">\n<p class=\"has-text-align-center has-custom-color-2-color has-text-color has-link-color has-open-sauce-sans-font-family has-x-large-font-size wp-elements-704687da9777d09641bd5fc24e3d8c77\"><strong>\u00c9laborer des solutions compl\u00e8tes pour vos finances<\/strong><\/p>\n<\/div>\n\n\n\n<div class=\"wp-block-columns is-layout-flex wp-container-core-columns-is-layout-4f5f4d37 wp-block-columns-is-layout-flex\">\n<div class=\"wp-block-column has-global-padding is-layout-constrained wp-container-core-column-is-layout-c904756c wp-block-column-is-layout-constrained\" style=\"border-right-color:#ffffff40;border-right-width:1px;padding-right:2.61rem;padding-left:2.61rem\">\n<figure class=\"wp-block-image size-large is-resized\"><img decoding=\"async\" src=\"https:\/\/tyler.com\/wp-content\/themes\/variations-child\/assets\/images\/consulting-green\/consulting-green-icon1.svg\" alt=\"\" class=\"wp-image-889\" style=\"width:52px\"\/><\/figure>\n\n\n\n<h6 class=\"wp-block-heading has-text-align-left has-custom-color-2-color has-text-color has-open-sauce-sans-font-family\" style=\"margin-top:1.01rem;margin-bottom:1.13rem;font-size:clamp(0.935rem, 0.935rem + ((1vw - 0.2rem) * 0.864), 1.41rem);font-style:normal;font-weight:400;line-height:1.3;text-transform:capitalize\">Gestion de patrimoine<\/h6>\n\n\n\n<pre id=\"tw-target-text\" class=\"wp-block-preformatted has-open-sauce-sans-font-family\"><br>S'engager dans la voie de la maximisation de son patrimoine exige une planification rigoureuse et une vision prospective. Notre expertise guidera vos aspirations financi\u00e8res et garantira que chaque d\u00e9cision soit \u00e9clair\u00e9e et r\u00e9fl\u00e9chie.<\/pre>\n\n\n\n<p class=\"has-text-align-left has-text-color\" style=\"color:#e2efe9;margin-top:0px;margin-bottom:1.77rem;font-size:0.8rem;font-style:normal;font-weight:400;line-height:1.5\"><\/p>\n\n\n\n<p><\/p>\n<\/div>\n\n\n\n<div class=\"wp-block-column has-global-padding is-layout-constrained wp-container-core-column-is-layout-c904756c wp-block-column-is-layout-constrained\" style=\"border-right-color:#ffffff40;border-right-width:1px;padding-right:2.61rem;padding-left:2.61rem\">\n<figure class=\"wp-block-image size-large is-resized\"><img decoding=\"async\" src=\"https:\/\/tyler.com\/wp-content\/themes\/variations-child\/assets\/images\/consulting-green\/consulting-green-icon2.svg\" alt=\"\" class=\"wp-image-957\" style=\"width:52px\"\/><\/figure>\n\n\n\n<h6 class=\"wp-block-heading has-text-align-left has-custom-color-2-color has-text-color has-open-sauce-sans-font-family\" style=\"margin-top:1.01rem;margin-bottom:1.13rem;font-size:clamp(0.935rem, 0.935rem + ((1vw - 0.2rem) * 0.864), 1.41rem);font-style:normal;font-weight:400;line-height:1.3;text-transform:capitalize\">Diversification de portefeuille<\/h6>\n\n\n\n<pre id=\"tw-target-text\" class=\"wp-block-preformatted has-open-sauce-sans-font-family\"><br>Dans un paysage financier en constante \u00e9volution, la diversification des investissements est essentielle. Confiez-nous la cr\u00e9ation d'un portefeuille \u00e9quilibr\u00e9, adapt\u00e9 \u00e0 votre app\u00e9tence au risque et \u00e0 vos objectifs \u00e0 long terme.<\/pre>\n\n\n\n<p class=\"has-text-align-left has-text-color\" style=\"color:#e2efe9;margin-top:0px;margin-bottom:1.77rem;font-size:0.8rem;font-style:normal;font-weight:400;line-height:1.5\"><\/p>\n<\/div>\n\n\n\n<div class=\"wp-block-column has-global-padding is-layout-constrained wp-container-core-column-is-layout-c904756c wp-block-column-is-layout-constrained\" style=\"padding-right:2.61rem;padding-left:2.61rem\">\n<figure class=\"wp-block-image size-large is-resized\"><img decoding=\"async\" src=\"https:\/\/tyler.com\/wp-content\/themes\/variations-child\/assets\/images\/consulting-green\/consulting-green-icon3.svg\" alt=\"\" class=\"wp-image-958\" style=\"width:52px\"\/><\/figure>\n\n\n\n<h6 class=\"wp-block-heading has-text-align-left has-custom-color-2-color has-text-color has-open-sauce-sans-font-family\" style=\"margin-top:1.01rem;margin-bottom:1.13rem;font-size:clamp(0.935rem, 0.935rem + ((1vw - 0.2rem) * 0.864), 1.41rem);font-style:normal;font-weight:400;line-height:1.3;text-transform:capitalize\">Audit et conformit\u00e9<\/h6>\n\n\n\n<pre id=\"tw-target-text\" class=\"wp-block-preformatted has-open-sauce-sans-font-family\"><br>Ma\u00eetrisez les complexit\u00e9s des normes fiscales et r\u00e9glementaires gr\u00e2ce \u00e0 nos professionnels exp\u00e9riment\u00e9s. Garantir la conformit\u00e9 tout en optimisant l'efficacit\u00e9 fiscale est notre sp\u00e9cialit\u00e9.<\/pre>\n\n\n\n<p class=\"has-text-align-left has-text-color\" style=\"color:#e2efe9;margin-top:0px;margin-bottom:1.77rem;font-size:0.8rem;font-style:normal;font-weight:400;line-height:1.5\"><\/p>\n<\/div>\n<\/div>\n<\/div>\n<\/section>\n","protected":false},"excerpt":{"rendered":"<p>Accompagne les entreprises dans leur transformation digital et leur d\u00e9veloppement strat\u00e9gique. La gestion du changement et la mise en place de solution num\u00e9riques innovantes. Testimonial et Exp\u00e9riences Expertise Engagement Ethique Strat\u00e9gie durable En exploitant une expertise diversifi\u00e9e pour vous guider sur cheminement financier, nous nous engageons \u00e0 assurer votre r\u00e9ussite. se lancer dans un parcours [&hellip;]<\/p>\n","protected":false},"author":1,"featured_media":0,"parent":0,"menu_order":0,"comment_status":"closed","ping_status":"closed","template":"","meta":{"footnotes":""},"class_list":["post-15","page","type-page","status-publish","hentry"],"_links":{"self":[{"href":"https:\/\/soulaf-accessoires.cnita.fr\/index.php?rest_route=\/wp\/v2\/pages\/15","targetHints":{"allow":["GET"]}}],"collection":[{"href":"https:\/\/soulaf-accessoires.cnita.fr\/index.php?rest_route=\/wp\/v2\/pages"}],"about":[{"href":"https:\/\/soulaf-accessoires.cnita.fr\/index.php?rest_route=\/wp\/v2\/types\/page"}],"author":[{"embeddable":true,"href":"https:\/\/soulaf-accessoires.cnita.fr\/index.php?rest_route=\/wp\/v2\/users\/1"}],"replies":[{"embeddable":true,"href":"https:\/\/soulaf-accessoires.cnita.fr\/index.php?rest_route=%2Fwp%2Fv2%2Fcomments&post=15"}],"version-history":[{"count":20,"href":"https:\/\/soulaf-accessoires.cnita.fr\/index.php?rest_route=\/wp\/v2\/pages\/15\/revisions"}],"predecessor-version":[{"id":74,"href":"https:\/\/soulaf-accessoires.cnita.fr\/index.php?rest_route=\/wp\/v2\/pages\/15\/revisions\/74"}],"wp:attachment":[{"href":"https:\/\/soulaf-accessoires.cnita.fr\/index.php?rest_route=%2Fwp%2Fv2%2Fmedia&parent=15"}],"curies":[{"name":"wp","href":"https:\/\/api.w.org\/{rel}","templated":true}]}}